{"id":2345,"date":"2024-03-15T17:47:53","date_gmt":"2024-03-15T17:47:53","guid":{"rendered":"https:\/\/thefootdoctor.com.mx\/?page_id=2345"},"modified":"2024-04-24T19:18:41","modified_gmt":"2024-04-24T19:18:41","slug":"informacion-para-pacientes","status":"publish","type":"page","link":"https:\/\/thefootdoctor.com.mx\/en\/informacion-para-pacientes\/","title":{"rendered":"Information for patients"},"content":{"rendered":"<div data-elementor-type=\"wp-page\" data-elementor-id=\"2345\" class=\"elementor elementor-2345\">\n\t\t\t\t\t\t<section class=\"elementor-section elementor-top-section elementor-element elementor-element-71751aa elementor-section-stretched elementor-section-boxed elementor-section-height-default elementor-section-height-default\" data-id=\"71751aa\" data-element_type=\"section\" data-e-type=\"section\" data-settings=\"{&quot;stretch_section&quot;:&quot;section-stretched&quot;,&quot;jet_parallax_layout_list&quot;:[],&quot;background_background&quot;:&quot;classic&quot;}\">\n\t\t\t\t\t\t<div class=\"elementor-container elementor-column-gap-default\">\n\t\t\t\t\t<div class=\"elementor-column elementor-col-100 elementor-top-column elementor-element elementor-element-2388eb8\" data-id=\"2388eb8\" data-element_type=\"column\" data-e-type=\"column\" data-settings=\"{&quot;background_background&quot;:&quot;classic&quot;}\">\n\t\t\t<div class=\"elementor-widget-wrap elementor-element-populated\">\n\t\t\t\t\t\t<div class=\"elementor-element elementor-element-9d6f4b9 elementor-widget__width-initial elementor-widget elementor-widget-heading\" data-id=\"9d6f4b9\" data-element_type=\"widget\" data-e-type=\"widget\" data-widget_type=\"heading.default\">\n\t\t\t\t<div class=\"elementor-widget-container\">\n\t\t\t\t\t<h2 class=\"elementor-heading-title elementor-size-default\">Information for patients<\/h2>\t\t\t\t<\/div>\n\t\t\t\t<\/div>\n\t\t\t\t<div class=\"elementor-element elementor-element-437113f elementor-widget__width-initial elementor-widget-tablet__width-initial elementor-widget elementor-widget-text-editor\" data-id=\"437113f\" data-element_type=\"widget\" data-e-type=\"widget\" data-widget_type=\"text-editor.default\">\n\t\t\t\t<div class=\"elementor-widget-container\">\n\t\t\t\t\t\t\t\t\t<p>Here you will find reliable information on health and well-being. From healthy lifestyle tips to medical treatments, we're here to help.<\/p>\t\t\t\t\t\t\t\t<\/div>\n\t\t\t\t<\/div>\n\t\t\t\t\t<\/div>\n\t\t<\/div>\n\t\t\t\t\t<\/div>\n\t\t<\/section>\n\t\t\t\t<section class=\"elementor-section elementor-top-section elementor-element elementor-element-c1b426c elementor-section-boxed elementor-section-height-default elementor-section-height-default\" data-id=\"c1b426c\" data-element_type=\"section\" data-e-type=\"section\" data-settings=\"{&quot;jet_parallax_layout_list&quot;:[]}\">\n\t\t\t\t\t\t<div class=\"elementor-container elementor-column-gap-default\">\n\t\t\t\t\t<div class=\"elementor-column elementor-col-100 elementor-top-column elementor-element elementor-element-5c212d2\" data-id=\"5c212d2\" data-element_type=\"column\" data-e-type=\"column\">\n\t\t\t<div class=\"elementor-widget-wrap elementor-element-populated\">\n\t\t\t\t\t\t<div class=\"elementor-element elementor-element-fb5a34c elementor-widget elementor-widget-raven-posts\" data-id=\"fb5a34c\" data-element_type=\"widget\" data-e-type=\"widget\" data-settings=\"{&quot;_skin&quot;:&quot;classic&quot;,&quot;classic_layout&quot;:&quot;grid&quot;,&quot;classic_columns&quot;:&quot;3&quot;,&quot;classic_columns_tablet&quot;:&quot;2&quot;,&quot;classic_columns_mobile&quot;:&quot;1&quot;,&quot;query_posts_per_page&quot;:6,&quot;query_offset&quot;:0}\" data-widget_type=\"raven-posts.classic\">\n\t\t\t\t<div class=\"elementor-widget-container\">\n\t\t\t\t\t\t\t<div class=\"raven-posts raven-grid raven-grid-3 raven-grid-mobile-1 raven-grid-tablet-2\" data-post-id=\"2345\" data-archive-query=\"\" data-lang=\"\">\n\t\t\t\t<div class=\"raven-grid-item raven-post-item post-2293 post type-post status-publish format-standard has-post-thumbnail hentry category-antepie tag-deformidades tag-dolor tag-hallux-valgus tag-juanetes\">\n\t\t\t<div class=\"raven-post\">\n\t\t\t\t\t\t<div class=\"raven-post-image-wrap\">\n\t\t\t<a class=\"raven-post-image raven-image-fit\" href=\"https:\/\/thefootdoctor.com.mx\/en\/juanetes-o-hallux-valgus\/\"><img loading=\"lazy\" decoding=\"async\" width=\"1024\" height=\"462\" src=\"https:\/\/thefootdoctor.com.mx\/wp-content\/uploads\/2024\/03\/hallux-valgus-1024x462.jpg\" class=\"attachment-large size-large wp-image-2316\" alt=\"\" srcset=\"https:\/\/thefootdoctor.com.mx\/wp-content\/uploads\/2024\/03\/hallux-valgus-1024x462.jpg 1024w, https:\/\/thefootdoctor.com.mx\/wp-content\/uploads\/2024\/03\/hallux-valgus-300x135.jpg 300w, https:\/\/thefootdoctor.com.mx\/wp-content\/uploads\/2024\/03\/hallux-valgus-768x346.jpg 768w, https:\/\/thefootdoctor.com.mx\/wp-content\/uploads\/2024\/03\/hallux-valgus.jpg 1357w\" sizes=\"auto, (max-width: 1024px) 100vw, 1024px\" \/> <span class=\"raven-post-image-overlay\"><\/span><\/a>\t\t<\/div>\n\t\t\t\t\t\t<div class=\"raven-post-content\">\n\t\t\t\t\t<h3 class=\"raven-post-title\"><a class=\"raven-post-title-link\" href=\"https:\/\/thefootdoctor.com.mx\/en\/juanetes-o-hallux-valgus\/\">Bunions or Hallux Valgus<\/a><\/h3><div class=\"raven-post-excerpt\">Aqui te explicamos qu\u00e9 son los juanetes, causas y posibles tratamientos <\/div>\t\t<div class=\"raven-post-read-more\">\n\t\t\t<a class=\"raven-post-button\" href=\"https:\/\/thefootdoctor.com.mx\/en\/juanetes-o-hallux-valgus\/\"><span class=\"raven-post-button-text\">Read more<\/span><\/a>\n\t\t<\/div>\n\t\t\t\t\t\t<\/div>\n\t\t\t<\/div>\n\t\t<\/div>\n\t\t\t\t<\/div>\n\t\t\t\t\t\t<\/div>\n\t\t\t\t<\/div>\n\t\t\t\t\t<\/div>\n\t\t<\/div>\n\t\t\t\t\t<\/div>\n\t\t<\/section>\n\t\t\t\t<\/div>","protected":false},"excerpt":{"rendered":"<p>Informaci\u00f3n para pacientes Aqu\u00ed encontrar\u00e1s informaci\u00f3n confiable sobre salud y bienestar. Desde consejos para un estilo de vida saludable hasta tratamientos m\u00e9dicos, estamos aqu\u00ed para ayudarte. Juanetes o Hallux Valgus \u00bfQu\u00e9 son los juanetes? Un juanete, conocido m\u00e9dicamente como Hallux Valgus, es una deformidad en la articulaci\u00f3n donde se une el primer dedo (dedo gordo) [&hellip;]<\/p>\n","protected":false},"author":1,"featured_media":0,"parent":0,"menu_order":0,"comment_status":"closed","ping_status":"closed","template":"","meta":{"_acf_changed":false,"nf_dc_page":"","footnotes":""},"class_list":["post-2345","page","type-page","status-publish","hentry"],"acf":[],"yoast_head":"<!-- This site is optimized with the Yoast SEO plugin v27.5 - https:\/\/yoast.com\/product\/yoast-seo-wordpress\/ -->\n<title>Informaci\u00f3n para pacientes - The Foot Doctor<\/title>\n<meta name=\"robots\" content=\"index, follow, max-snippet:-1, max-image-preview:large, max-video-preview:-1\" \/>\n<link rel=\"canonical\" href=\"https:\/\/thefootdoctor.com.mx\/en\/informacion-para-pacientes\/\" \/>\n<meta property=\"og:locale\" content=\"en_US\" \/>\n<meta property=\"og:type\" content=\"article\" \/>\n<meta property=\"og:title\" content=\"Informaci\u00f3n para pacientes - The Foot Doctor\" \/>\n<meta property=\"og:description\" content=\"Informaci\u00f3n para pacientes Aqu\u00ed encontrar\u00e1s informaci\u00f3n confiable sobre salud y bienestar. Desde consejos para un estilo de vida saludable hasta tratamientos m\u00e9dicos, estamos aqu\u00ed para ayudarte. Juanetes o Hallux Valgus \u00bfQu\u00e9 son los juanetes? Un juanete, conocido m\u00e9dicamente como Hallux Valgus, es una deformidad en la articulaci\u00f3n donde se une el primer dedo (dedo gordo) [&hellip;]\" \/>\n<meta property=\"og:url\" content=\"https:\/\/thefootdoctor.com.mx\/en\/informacion-para-pacientes\/\" \/>\n<meta property=\"og:site_name\" content=\"The Foot Doctor\" \/>\n<meta property=\"article:modified_time\" content=\"2024-04-24T19:18:41+00:00\" \/>\n<meta property=\"og:image\" content=\"https:\/\/thefootdoctor.com.mx\/wp-content\/uploads\/2024\/03\/hallux-valgus-1024x462.jpg\" \/>\n<meta name=\"twitter:card\" content=\"summary_large_image\" \/>\n<script type=\"application\/ld+json\" class=\"yoast-schema-graph\">{\"@context\":\"https:\\\/\\\/schema.org\",\"@graph\":[{\"@type\":\"WebPage\",\"@id\":\"https:\\\/\\\/thefootdoctor.com.mx\\\/informacion-para-pacientes\\\/\",\"url\":\"https:\\\/\\\/thefootdoctor.com.mx\\\/informacion-para-pacientes\\\/\",\"name\":\"Informaci\u00f3n para pacientes - The Foot Doctor\",\"isPartOf\":{\"@id\":\"https:\\\/\\\/thefootdoctor.com.mx\\\/#website\"},\"primaryImageOfPage\":{\"@id\":\"https:\\\/\\\/thefootdoctor.com.mx\\\/informacion-para-pacientes\\\/#primaryimage\"},\"image\":{\"@id\":\"https:\\\/\\\/thefootdoctor.com.mx\\\/informacion-para-pacientes\\\/#primaryimage\"},\"thumbnailUrl\":\"https:\\\/\\\/thefootdoctor.com.mx\\\/wp-content\\\/uploads\\\/2024\\\/03\\\/hallux-valgus-1024x462.jpg\",\"datePublished\":\"2024-03-15T17:47:53+00:00\",\"dateModified\":\"2024-04-24T19:18:41+00:00\",\"breadcrumb\":{\"@id\":\"https:\\\/\\\/thefootdoctor.com.mx\\\/informacion-para-pacientes\\\/#breadcrumb\"},\"inLanguage\":\"en-US\",\"potentialAction\":[{\"@type\":\"ReadAction\",\"target\":[\"https:\\\/\\\/thefootdoctor.com.mx\\\/informacion-para-pacientes\\\/\"]}]},{\"@type\":\"ImageObject\",\"inLanguage\":\"en-US\",\"@id\":\"https:\\\/\\\/thefootdoctor.com.mx\\\/informacion-para-pacientes\\\/#primaryimage\",\"url\":\"https:\\\/\\\/thefootdoctor.com.mx\\\/wp-content\\\/uploads\\\/2024\\\/03\\\/hallux-valgus-1024x462.jpg\",\"contentUrl\":\"https:\\\/\\\/thefootdoctor.com.mx\\\/wp-content\\\/uploads\\\/2024\\\/03\\\/hallux-valgus-1024x462.jpg\"},{\"@type\":\"BreadcrumbList\",\"@id\":\"https:\\\/\\\/thefootdoctor.com.mx\\\/informacion-para-pacientes\\\/#breadcrumb\",\"itemListElement\":[{\"@type\":\"ListItem\",\"position\":1,\"name\":\"Home\",\"item\":\"https:\\\/\\\/thefootdoctor.com.mx\\\/\"},{\"@type\":\"ListItem\",\"position\":2,\"name\":\"Informaci\u00f3n para pacientes\"}]},{\"@type\":\"WebSite\",\"@id\":\"https:\\\/\\\/thefootdoctor.com.mx\\\/#website\",\"url\":\"https:\\\/\\\/thefootdoctor.com.mx\\\/\",\"name\":\"The Foot Doctor\",\"description\":\"Cirujano Ortopedista experto en cirug&iacute;a de pie y tobillo\",\"publisher\":{\"@id\":\"https:\\\/\\\/thefootdoctor.com.mx\\\/#organization\"},\"alternateName\":\"Dr. Jorge Andres Avila Del Pino\",\"potentialAction\":[{\"@type\":\"SearchAction\",\"target\":{\"@type\":\"EntryPoint\",\"urlTemplate\":\"https:\\\/\\\/thefootdoctor.com.mx\\\/?s={search_term_string}\"},\"query-input\":{\"@type\":\"PropertyValueSpecification\",\"valueRequired\":true,\"valueName\":\"search_term_string\"}}],\"inLanguage\":\"en-US\"},{\"@type\":\"Organization\",\"@id\":\"https:\\\/\\\/thefootdoctor.com.mx\\\/#organization\",\"name\":\"The Foot Doctor\",\"alternateName\":\"Dr. Jorge Andres Avila Del Pino\",\"url\":\"https:\\\/\\\/thefootdoctor.com.mx\\\/\",\"logo\":{\"@type\":\"ImageObject\",\"inLanguage\":\"en-US\",\"@id\":\"https:\\\/\\\/thefootdoctor.com.mx\\\/#\\\/schema\\\/logo\\\/image\\\/\",\"url\":\"https:\\\/\\\/thefootdoctor.com.mx\\\/wp-content\\\/uploads\\\/2024\\\/03\\\/thefootdoctor-black.svg\",\"contentUrl\":\"https:\\\/\\\/thefootdoctor.com.mx\\\/wp-content\\\/uploads\\\/2024\\\/03\\\/thefootdoctor-black.svg\",\"width\":462.376,\"height\":194.419,\"caption\":\"The Foot Doctor\"},\"image\":{\"@id\":\"https:\\\/\\\/thefootdoctor.com.mx\\\/#\\\/schema\\\/logo\\\/image\\\/\"}}]}<\/script>\n<!-- \/ Yoast SEO plugin. -->","yoast_head_json":{"title":"Informaci\u00f3n para pacientes - The Foot Doctor","robots":{"index":"index","follow":"follow","max-snippet":"max-snippet:-1","max-image-preview":"max-image-preview:large","max-video-preview":"max-video-preview:-1"},"canonical":"https:\/\/thefootdoctor.com.mx\/en\/informacion-para-pacientes\/","og_locale":"en_US","og_type":"article","og_title":"Informaci\u00f3n para pacientes - The Foot Doctor","og_description":"Informaci\u00f3n para pacientes Aqu\u00ed encontrar\u00e1s informaci\u00f3n confiable sobre salud y bienestar. Desde consejos para un estilo de vida saludable hasta tratamientos m\u00e9dicos, estamos aqu\u00ed para ayudarte. Juanetes o Hallux Valgus \u00bfQu\u00e9 son los juanetes? Un juanete, conocido m\u00e9dicamente como Hallux Valgus, es una deformidad en la articulaci\u00f3n donde se une el primer dedo (dedo gordo) [&hellip;]","og_url":"https:\/\/thefootdoctor.com.mx\/en\/informacion-para-pacientes\/","og_site_name":"The Foot Doctor","article_modified_time":"2024-04-24T19:18:41+00:00","og_image":[{"url":"https:\/\/thefootdoctor.com.mx\/wp-content\/uploads\/2024\/03\/hallux-valgus-1024x462.jpg","type":"","width":"","height":""}],"twitter_card":"summary_large_image","schema":{"@context":"https:\/\/schema.org","@graph":[{"@type":"WebPage","@id":"https:\/\/thefootdoctor.com.mx\/informacion-para-pacientes\/","url":"https:\/\/thefootdoctor.com.mx\/informacion-para-pacientes\/","name":"Informaci\u00f3n para pacientes - The Foot Doctor","isPartOf":{"@id":"https:\/\/thefootdoctor.com.mx\/#website"},"primaryImageOfPage":{"@id":"https:\/\/thefootdoctor.com.mx\/informacion-para-pacientes\/#primaryimage"},"image":{"@id":"https:\/\/thefootdoctor.com.mx\/informacion-para-pacientes\/#primaryimage"},"thumbnailUrl":"https:\/\/thefootdoctor.com.mx\/wp-content\/uploads\/2024\/03\/hallux-valgus-1024x462.jpg","datePublished":"2024-03-15T17:47:53+00:00","dateModified":"2024-04-24T19:18:41+00:00","breadcrumb":{"@id":"https:\/\/thefootdoctor.com.mx\/informacion-para-pacientes\/#breadcrumb"},"inLanguage":"en-US","potentialAction":[{"@type":"ReadAction","target":["https:\/\/thefootdoctor.com.mx\/informacion-para-pacientes\/"]}]},{"@type":"ImageObject","inLanguage":"en-US","@id":"https:\/\/thefootdoctor.com.mx\/informacion-para-pacientes\/#primaryimage","url":"https:\/\/thefootdoctor.com.mx\/wp-content\/uploads\/2024\/03\/hallux-valgus-1024x462.jpg","contentUrl":"https:\/\/thefootdoctor.com.mx\/wp-content\/uploads\/2024\/03\/hallux-valgus-1024x462.jpg"},{"@type":"BreadcrumbList","@id":"https:\/\/thefootdoctor.com.mx\/informacion-para-pacientes\/#breadcrumb","itemListElement":[{"@type":"ListItem","position":1,"name":"Home","item":"https:\/\/thefootdoctor.com.mx\/"},{"@type":"ListItem","position":2,"name":"Informaci\u00f3n para pacientes"}]},{"@type":"WebSite","@id":"https:\/\/thefootdoctor.com.mx\/#website","url":"https:\/\/thefootdoctor.com.mx\/","name":"The Foot Doctor","description":"Cirujano Ortopedista experto en cirug&iacute;a de pie y tobillo","publisher":{"@id":"https:\/\/thefootdoctor.com.mx\/#organization"},"alternateName":"Dr. Jorge Andres Avila Del Pino","potentialAction":[{"@type":"SearchAction","target":{"@type":"EntryPoint","urlTemplate":"https:\/\/thefootdoctor.com.mx\/?s={search_term_string}"},"query-input":{"@type":"PropertyValueSpecification","valueRequired":true,"valueName":"search_term_string"}}],"inLanguage":"en-US"},{"@type":"Organization","@id":"https:\/\/thefootdoctor.com.mx\/#organization","name":"The Foot Doctor","alternateName":"Dr. Jorge Andres Avila Del Pino","url":"https:\/\/thefootdoctor.com.mx\/","logo":{"@type":"ImageObject","inLanguage":"en-US","@id":"https:\/\/thefootdoctor.com.mx\/#\/schema\/logo\/image\/","url":"https:\/\/thefootdoctor.com.mx\/wp-content\/uploads\/2024\/03\/thefootdoctor-black.svg","contentUrl":"https:\/\/thefootdoctor.com.mx\/wp-content\/uploads\/2024\/03\/thefootdoctor-black.svg","width":462.376,"height":194.419,"caption":"The Foot Doctor"},"image":{"@id":"https:\/\/thefootdoctor.com.mx\/#\/schema\/logo\/image\/"}}]}},"_links":{"self":[{"href":"https:\/\/thefootdoctor.com.mx\/en\/wp-json\/wp\/v2\/pages\/2345","targetHints":{"allow":["GET"]}}],"collection":[{"href":"https:\/\/thefootdoctor.com.mx\/en\/wp-json\/wp\/v2\/pages"}],"about":[{"href":"https:\/\/thefootdoctor.com.mx\/en\/wp-json\/wp\/v2\/types\/page"}],"author":[{"embeddable":true,"href":"https:\/\/thefootdoctor.com.mx\/en\/wp-json\/wp\/v2\/users\/1"}],"replies":[{"embeddable":true,"href":"https:\/\/thefootdoctor.com.mx\/en\/wp-json\/wp\/v2\/comments?post=2345"}],"version-history":[{"count":5,"href":"https:\/\/thefootdoctor.com.mx\/en\/wp-json\/wp\/v2\/pages\/2345\/revisions"}],"predecessor-version":[{"id":2425,"href":"https:\/\/thefootdoctor.com.mx\/en\/wp-json\/wp\/v2\/pages\/2345\/revisions\/2425"}],"wp:attachment":[{"href":"https:\/\/thefootdoctor.com.mx\/en\/wp-json\/wp\/v2\/media?parent=2345"}],"curies":[{"name":"wp","href":"https:\/\/api.w.org\/{rel}","templated":true}]}}